{"id":58,"date":"2022-04-02T07:49:32","date_gmt":"2022-04-02T07:49:32","guid":{"rendered":"http:\/\/schoeffbaumgut.at\/?page_id=58"},"modified":"2022-04-03T08:45:30","modified_gmt":"2022-04-03T08:45:30","slug":"ausstattung","status":"publish","type":"page","link":"http:\/\/schoeffbaumgut.at\/?page_id=58","title":{"rendered":"Ausstattung"},"content":{"rendered":"\n<h2 class=\"has-text-align-center wp-block-heading\">Ausstattung<\/h2>\n\n\n\n<div class=\"wp-block-columns is-layout-flex wp-container-5\">\n<div class=\"wp-block-column is-layout-flow\"><\/div>\n\n\n\n<div class=\"wp-block-column is-layout-flow\">\n<p>Gr\u00f6\u00dfe<\/p>\n\n\n\n<ul><li>60m\u00b2<\/li><\/ul>\n\n\n\n<p>Verpflegungsart<\/p>\n\n\n\n<ul><li>Ohne Verpflegung<\/li><\/ul>\n\n\n\n<p>Belegung<\/p>\n\n\n\n<ul><li>Standardbelegung: 4 Personen<\/li><li>Minimalbelegung: 2 Personen<\/li><\/ul>\n\n\n\n<p>Betten<\/p>\n\n\n\n<ul><li>2 Doppelbetten<\/li><li>1 Babybett<\/li><li>1 Couchliege<\/li><\/ul>\n\n\n\n<p>Raumtypen<\/p>\n\n\n\n<ul><li>2 Schlafr\u00e4ume<\/li><li>1 Vorraum<\/li><li>1 Wohnk\u00fcche<\/li><li>1 Badezimmer<\/li><li>1 WC<\/li><li>1 Abstellraum<\/li><\/ul>\n\n\n\n<p>Lage der R\u00e4umlichkeiten<\/p>\n\n\n\n<ul><li>Haupthaus<\/li><li>1.Stock<\/li><li>Bergseite<\/li><li>Nord-Seite<\/li><li>Ost-Seite<\/li><\/ul>\n<\/div>\n\n\n\n<div class=\"wp-block-column is-layout-flow\">\n<p>Einrichtung<\/p>\n\n\n\n<ul><li>Heizung<\/li><li>Sitzgruppe<\/li><li>Garten<\/li><li>Terrasse<\/li><\/ul>\n\n\n\n<p>Besondere Eignung<\/p>\n\n\n\n<ul><li>Familien<\/li><li>Senioren<\/li><li>Nichtraucher<\/li><li>Gesch\u00e4ftsreisende<\/li><\/ul>\n\n\n\n<p>Ausstattung<\/p>\n\n\n\n<ul><li>Bettw\u00e4sche<\/li><li>Kleiderschrank<\/li><li>Dusche<\/li><li>Bad<\/li><li>Kinderbadewanne<\/li><li>Wickelauflage<\/li><li>WC von Dusche\/Bad getrennt<\/li><li>Handt\u00fccher<\/li><li>Haarf\u00f6n<\/li><li>Wohnk\u00fcche<\/li><li>K\u00fchlschrank<\/li><li>Tisch-\/K\u00fcchenw\u00e4sche<\/li><li>Geschirrausstattung<\/li><li>Geschirrsp\u00fclmaschine<\/li><li>Kinderstuhl<\/li><li>Backrohr<\/li><li>Elektroherd<\/li><li>Dunstabzug<\/li><li>Kaffemaschine<\/li><li>Kabel-TV<\/li><li>Radio<\/li><\/ul>\n<\/div>\n\n\n\n<div class=\"wp-block-column is-layout-flow\"><\/div>\n<\/div>\n\n\n\n<p><\/p>\n","protected":false},"excerpt":{"rendered":"<p>Ausstattung Gr\u00f6\u00dfe 60m\u00b2 Verpflegungsart Ohne Verpflegung Belegung Standardbelegung: 4 Personen Minimalbelegung: 2 Personen Betten 2 Doppelbetten 1 Babybett 1 Couchliege Raumtypen 2 Schlafr\u00e4ume 1 Vorraum 1 Wohnk\u00fcche 1 Badezimmer 1 WC 1 Abstellraum Lage der R\u00e4umlichkeiten Haupthaus 1.Stock Bergseite Nord-Seite Ost-Seite Einrichtung Heizung Sitzgruppe Garten Terrasse Besondere Eignung Familien Senioren Nichtraucher Gesch\u00e4ftsreisende Ausstattung Bettw\u00e4sche Kleiderschrank [&hellip;]<\/p>\n","protected":false},"author":1,"featured_media":0,"parent":51,"menu_order":2,"comment_status":"closed","ping_status":"closed","template":"","meta":[],"_links":{"self":[{"href":"http:\/\/schoeffbaumgut.at\/index.php?rest_route=\/wp\/v2\/pages\/58"}],"collection":[{"href":"http:\/\/schoeffbaumgut.at\/index.php?rest_route=\/wp\/v2\/pages"}],"about":[{"href":"http:\/\/schoeffbaumgut.at\/index.php?rest_route=\/wp\/v2\/types\/page"}],"author":[{"embeddable":true,"href":"http:\/\/schoeffbaumgut.at\/index.php?rest_route=\/wp\/v2\/users\/1"}],"replies":[{"embeddable":true,"href":"http:\/\/schoeffbaumgut.at\/index.php?rest_route=%2Fwp%2Fv2%2Fcomments&post=58"}],"version-history":[{"count":13,"href":"http:\/\/schoeffbaumgut.at\/index.php?rest_route=\/wp\/v2\/pages\/58\/revisions"}],"predecessor-version":[{"id":333,"href":"http:\/\/schoeffbaumgut.at\/index.php?rest_route=\/wp\/v2\/pages\/58\/revisions\/333"}],"up":[{"embeddable":true,"href":"http:\/\/schoeffbaumgut.at\/index.php?rest_route=\/wp\/v2\/pages\/51"}],"wp:attachment":[{"href":"http:\/\/schoeffbaumgut.at\/index.php?rest_route=%2Fwp%2Fv2%2Fmedia&parent=58"}],"curies":[{"name":"wp","href":"https:\/\/api.w.org\/{rel}","templated":true}]}}