{"id":45,"date":"2022-04-02T07:28:15","date_gmt":"2022-04-02T07:28:15","guid":{"rendered":"http:\/\/schoeffbaumgut.at\/?page_id=45"},"modified":"2023-07-05T16:54:47","modified_gmt":"2023-07-05T16:54:47","slug":"willkommen","status":"publish","type":"page","link":"http:\/\/schoeffbaumgut.at\/?page_id=45","title":{"rendered":"Willkommen"},"content":{"rendered":"\n<h2 class=\"wp-block-heading has-text-align-center\">Herzlich willkommen am Sch\u00f6ffbaumgut!<\/h2>\n\n\n\n<div class=\"wp-block-group is-layout-flow\">\n<figure class=\"wp-block-image aligncenter size-large\"><img decoding=\"async\" loading=\"lazy\" width=\"1024\" height=\"768\" src=\"http:\/\/schoeffbaumgut.at\/wp-content\/uploads\/2023\/07\/Sommer_02-1024x768.jpg\" alt=\"\" class=\"wp-image-435\" srcset=\"http:\/\/schoeffbaumgut.at\/wp-content\/uploads\/2023\/07\/Sommer_02-1024x768.jpg 1024w, http:\/\/schoeffbaumgut.at\/wp-content\/uploads\/2023\/07\/Sommer_02-300x225.jpg 300w, http:\/\/schoeffbaumgut.at\/wp-content\/uploads\/2023\/07\/Sommer_02-768x576.jpg 768w, http:\/\/schoeffbaumgut.at\/wp-content\/uploads\/2023\/07\/Sommer_02-1536x1152.jpg 1536w, http:\/\/schoeffbaumgut.at\/wp-content\/uploads\/2023\/07\/Sommer_02.jpg 1600w\" sizes=\"(max-width: 1024px) 100vw, 1024px\" \/><\/figure>\n<\/div>\n\n\n<p style=\"text-align: center;\">Das Sch\u00f6ffbaumgut liegt auf der Sonnseite \u00fcber Fuschl am See in wunderbarer Panormalage.<\/p>\n<p style=\"text-align: center;\">Unser Biobauernhof befindet sich schon seit 1617 in Familienbesitz.<br>&#8222;Urlaub am Bio-Bauernhof ist Qualit\u00e4t&#8220; &#8211; Lebensqualit\u00e4t, die aus der Natur stammt; D\u00fcfte, die direkt aus dem Bauerngarten kommen.<br>Wir bewirtschaften unseren Hof im nat\u00fcrlichen Kreis der Jahreszeiten und pflegen regionales Brauchtum und b\u00e4uerliche Traditionen.<\/p>\n<p style=\"text-align: center;\">Ein Sommerparadies f\u00fcr die ganze Familie:<br>Die F\u00fclle an Freizeitm\u00f6glichkeiten l\u00e4sst keinen Wunsch offen: Schwimmen, Wandern, Radfahren oder den Fuschlsee mit dem hauseigenen Ruderboot erkunden.<br>Genie\u00dfen Sie die Kr\u00e4uter- und Blumenpracht rund um unser Haus.<\/p>\n<p style=\"text-align: center;\">Spielen und Entdecken:<br>F\u00fcr unsere kleinen G\u00e4ste gibt es jeden Platz zum Spielen und Erleben: Trettraktoren, Dreir\u00e4der, Schaukeln, Rutsche, Sandspielsachen, Tischtennis, Basketballkorb.<\/p>\n<p style=\"text-align: center;\">Gerne nehmen wir Ihre Anfragen auch telefonisch entgegen!<\/p>","protected":false},"excerpt":{"rendered":"<p>Herzlich willkommen am Sch\u00f6ffbaumgut! Das Sch\u00f6ffbaumgut liegt auf der Sonnseite \u00fcber Fuschl am See in wunderbarer Panormalage. Unser Biobauernhof befindet sich schon seit 1617 in Familienbesitz.&#8222;Urlaub am Bio-Bauernhof ist Qualit\u00e4t&#8220; &#8211; Lebensqualit\u00e4t, die aus der Natur stammt; D\u00fcfte, die direkt aus dem Bauerngarten kommen.Wir bewirtschaften unseren Hof im nat\u00fcrlichen Kreis der Jahreszeiten und pflegen regionales [&hellip;]<\/p>\n","protected":false},"author":1,"featured_media":0,"parent":0,"menu_order":0,"comment_status":"closed","ping_status":"closed","template":"","meta":[],"_links":{"self":[{"href":"http:\/\/schoeffbaumgut.at\/index.php?rest_route=\/wp\/v2\/pages\/45"}],"collection":[{"href":"http:\/\/schoeffbaumgut.at\/index.php?rest_route=\/wp\/v2\/pages"}],"about":[{"href":"http:\/\/schoeffbaumgut.at\/index.php?rest_route=\/wp\/v2\/types\/page"}],"author":[{"embeddable":true,"href":"http:\/\/schoeffbaumgut.at\/index.php?rest_route=\/wp\/v2\/users\/1"}],"replies":[{"embeddable":true,"href":"http:\/\/schoeffbaumgut.at\/index.php?rest_route=%2Fwp%2Fv2%2Fcomments&post=45"}],"version-history":[{"count":12,"href":"http:\/\/schoeffbaumgut.at\/index.php?rest_route=\/wp\/v2\/pages\/45\/revisions"}],"predecessor-version":[{"id":445,"href":"http:\/\/schoeffbaumgut.at\/index.php?rest_route=\/wp\/v2\/pages\/45\/revisions\/445"}],"wp:attachment":[{"href":"http:\/\/schoeffbaumgut.at\/index.php?rest_route=%2Fwp%2Fv2%2Fmedia&parent=45"}],"curies":[{"name":"wp","href":"https:\/\/api.w.org\/{rel}","templated":true}]}}