{"id":304,"date":"2022-04-02T18:47:33","date_gmt":"2022-04-02T18:47:33","guid":{"rendered":"http:\/\/schoeffbaumgut.at\/?page_id=304"},"modified":"2022-04-02T18:54:31","modified_gmt":"2022-04-02T18:54:31","slug":"rund-um-den-hof","status":"publish","type":"page","link":"http:\/\/schoeffbaumgut.at\/?page_id=304","title":{"rendered":"Rund um den Hof"},"content":{"rendered":"\n<h2 class=\"has-text-align-center wp-block-heading\">Rund um den Hof<\/h2>\n\n\n\n<div class=\"wp-block-group is-layout-flow\">\n<p class=\"has-text-align-center\">Entdecken Sie eine Vielzahl an Ausflugsm\u00f6glichkeiten und Aktivit\u00e4ten in unserer N\u00e4he.<\/p>\n<\/div>\n","protected":false},"excerpt":{"rendered":"<p>Rund um den Hof Entdecken Sie eine Vielzahl an Ausflugsm\u00f6glichkeiten und Aktivit\u00e4ten in unserer N\u00e4he.<\/p>\n","protected":false},"author":1,"featured_media":0,"parent":0,"menu_order":4,"comment_status":"closed","ping_status":"closed","template":"","meta":[],"_links":{"self":[{"href":"http:\/\/schoeffbaumgut.at\/index.php?rest_route=\/wp\/v2\/pages\/304"}],"collection":[{"href":"http:\/\/schoeffbaumgut.at\/index.php?rest_route=\/wp\/v2\/pages"}],"about":[{"href":"http:\/\/schoeffbaumgut.at\/index.php?rest_route=\/wp\/v2\/types\/page"}],"author":[{"embeddable":true,"href":"http:\/\/schoeffbaumgut.at\/index.php?rest_route=\/wp\/v2\/users\/1"}],"replies":[{"embeddable":true,"href":"http:\/\/schoeffbaumgut.at\/index.php?rest_route=%2Fwp%2Fv2%2Fcomments&post=304"}],"version-history":[{"count":4,"href":"http:\/\/schoeffbaumgut.at\/index.php?rest_route=\/wp\/v2\/pages\/304\/revisions"}],"predecessor-version":[{"id":309,"href":"http:\/\/schoeffbaumgut.at\/index.php?rest_route=\/wp\/v2\/pages\/304\/revisions\/309"}],"wp:attachment":[{"href":"http:\/\/schoeffbaumgut.at\/index.php?rest_route=%2Fwp%2Fv2%2Fmedia&parent=304"}],"curies":[{"name":"wp","href":"https:\/\/api.w.org\/{rel}","templated":true}]}}