{"id":268,"date":"2022-04-02T16:55:08","date_gmt":"2022-04-02T16:55:08","guid":{"rendered":"http:\/\/schoeffbaumgut.at\/?page_id=268"},"modified":"2022-04-03T09:10:27","modified_gmt":"2022-04-03T09:10:27","slug":"dufterlebnis-kraeuter","status":"publish","type":"page","link":"http:\/\/schoeffbaumgut.at\/?page_id=268","title":{"rendered":"Dufterlebnis Kr\u00e4uter"},"content":{"rendered":"\n<h2 class=\"has-text-align-center wp-block-heading\">Dufterlebnis Kr\u00e4uter<\/h2>\n\n\n<p style=\"text-align: center;\"><strong>Kr\u00e4utererlebnis am Sch\u00f6ffbaumgut<\/strong><\/p>\n<p style=\"text-align: center;\">In den Pflanzen liegt die Kraft &#8211; im Garten der Zauberkr\u00e4uter<\/p>\n<p style=\"text-align: center;\">Wir freuen uns, Sie mit Lavendel, Ringelblumen, Melisse, Rosmarien,<br \/>K\u00e4sepappel &amp; Co verw\u00f6hnen zu d\u00fcrfen:<\/p>\n<p style=\"text-align: center;\">Eine Entdeckungsreise in unserem Kr\u00e4uter- und Gem\u00fcsegarten weckt die Sinne und l\u00e4sst die Seele baumeln.<br \/>Es tut der Seele gut, wenn man vor den bl\u00fchenden Lavendelst\u00f6cken steht und den Bienen zuschauen kann, wie sie sich um die Bl\u00fcten versammeln. F\u00fcr den Lavendel gibt es viele Verwendungszwecke.<br \/>Schauen wir doch einmal in Gro\u00dfmutters Sch\u00f6nheitsbuch: Duftsackerl, beruhigender Badezusatz und Kr\u00e4utercremen.<br \/>Gerne geben wir Ihnen Tipps und Anregungen zur Herstellung der Kr\u00e4utercremen.<\/p>\n<p style=\"text-align: center;\">Lassen Sie sich von unserer umfassenden Kr\u00e4uterliteratur inspirieren. Unsere gem\u00fctlichen Sitzgruppen neben dem Kr\u00e4utergarten, unter dem Nussbaum oder in unserer Gartenlaube mit Traumblick zum Fuschlsee bieten M\u00f6glichkeiten zum Ausspannen. Gerne nehmen wir uns Zeit, Ihnen unsere Kr\u00e4uterrezepte n\u00e4her zu bringen.<\/p>\n<p style=\"text-align: center;\"><strong>Augenschmaus und Gaumenfreude &#8211; <\/strong><strong>Farbenfrohe Gesellschaft im Kr\u00e4uterbeet &#8211; Die Ringelblume<\/strong><\/p>\n<p style=\"text-align: center;\">Alte Weisheiten \u00fcber die Ringelblume:<br \/>Die Ringelbume wurde lange Zeit mit dem L\u00f6wenzahn verwechselt.<br \/>Fr\u00fcher fand die Ringelblume in vielen Lebensbereichen als Schutz- und Heilpflanze Anwendung. Die B\u00e4uerinnen nahmen Ringelblumen gerne zum F\u00e4rben der Butter. Man musste nur Bl\u00fcten mit der gleichen Menge an Salz verreiben.<\/p>\n<p style=\"text-align: center;\">Ringelblumen symbolisieren Anmut und Sch\u00f6nheit:<br \/>Sie ist ein Symbol f\u00fcr die Unverg\u00e4nglichkeit, weil sie den ganzen Sommer und Herbst \u00fcber bl\u00fcht und bisweilen kann man noch zu Weihnachten die goldgelben Bl\u00fctenk\u00f6pfe sehen. In milden Wintern haben wir auf unserem Hof die Erfahrung gemacht, dass sie nie verbl\u00fcht ist und sogar aus dem Schnee herausspitzte.<\/p>\n<p style=\"text-align: center;\">Wir konnten die Ringelblume auch als verl\u00e4ssliches Wetterbarometer entdecken: Bleiben die Bl\u00fcten bis 8 Uhr morgens geschlossen, wird sich die Sonne an diesem Tag nicht zeigen.<\/p>","protected":false},"excerpt":{"rendered":"<p>Dufterlebnis Kr\u00e4uter Kr\u00e4utererlebnis am Sch\u00f6ffbaumgut In den Pflanzen liegt die Kraft &#8211; im Garten der Zauberkr\u00e4uter Wir freuen uns, Sie mit Lavendel, Ringelblumen, Melisse, Rosmarien,K\u00e4sepappel &amp; Co verw\u00f6hnen zu d\u00fcrfen: Eine Entdeckungsreise in unserem Kr\u00e4uter- und Gem\u00fcsegarten weckt die Sinne und l\u00e4sst die Seele baumeln.Es tut der Seele gut, wenn man vor den bl\u00fchenden Lavendelst\u00f6cken [&hellip;]<\/p>\n","protected":false},"author":1,"featured_media":0,"parent":304,"menu_order":5,"comment_status":"closed","ping_status":"closed","template":"","meta":[],"_links":{"self":[{"href":"http:\/\/schoeffbaumgut.at\/index.php?rest_route=\/wp\/v2\/pages\/268"}],"collection":[{"href":"http:\/\/schoeffbaumgut.at\/index.php?rest_route=\/wp\/v2\/pages"}],"about":[{"href":"http:\/\/schoeffbaumgut.at\/index.php?rest_route=\/wp\/v2\/types\/page"}],"author":[{"embeddable":true,"href":"http:\/\/schoeffbaumgut.at\/index.php?rest_route=\/wp\/v2\/users\/1"}],"replies":[{"embeddable":true,"href":"http:\/\/schoeffbaumgut.at\/index.php?rest_route=%2Fwp%2Fv2%2Fcomments&post=268"}],"version-history":[{"count":5,"href":"http:\/\/schoeffbaumgut.at\/index.php?rest_route=\/wp\/v2\/pages\/268\/revisions"}],"predecessor-version":[{"id":348,"href":"http:\/\/schoeffbaumgut.at\/index.php?rest_route=\/wp\/v2\/pages\/268\/revisions\/348"}],"up":[{"embeddable":true,"href":"http:\/\/schoeffbaumgut.at\/index.php?rest_route=\/wp\/v2\/pages\/304"}],"wp:attachment":[{"href":"http:\/\/schoeffbaumgut.at\/index.php?rest_route=%2Fwp%2Fv2%2Fmedia&parent=268"}],"curies":[{"name":"wp","href":"https:\/\/api.w.org\/{rel}","templated":true}]}}