{"id":266,"date":"2022-04-02T16:53:41","date_gmt":"2022-04-02T16:53:41","guid":{"rendered":"http:\/\/schoeffbaumgut.at\/?page_id=266"},"modified":"2022-04-02T18:48:47","modified_gmt":"2022-04-02T18:48:47","slug":"wasserwandern","status":"publish","type":"page","link":"http:\/\/schoeffbaumgut.at\/?page_id=266","title":{"rendered":"Wasserwandern"},"content":{"rendered":"\n<h2 class=\"has-text-align-center wp-block-heading\">Wasserwandern<\/h2>\n\n\n<p style=\"text-align: center;\"><br \/><strong>Erwandern Sie das Wasser rund um den Fuschlsee<\/strong><\/p>\n<p style=\"text-align: center;\">Der Fuschlsee ist einer der saubersten Seen \u00d6sterreichs und hat Trinkwasserqualit\u00e4t.<\/p>\n<p style=\"text-align: center;\">Eine Woche Aktivurlaub rund um das Thema &#8222;Wasser&#8220;:<\/p>\n<p style=\"text-align: center;\">Tauchen Sie ein in wundersch\u00f6ne Landschaften, Berge und Seen.<br \/>Unser Hof ist idealer Ausgangspunkt, um den Fuschlsee in 3 Stunden zu erwandern.<br \/>Geheimnisvoll und versteckt pr\u00e4sentieren sich der Filbling- oder der Eibensee: 2 wundersch\u00f6ne Wanderungen, die man sicher nicht vergisst.<\/p>\n<p style=\"text-align: center;\">Auf Wunsch begleiten wir Sie zu unserer hofeigenen &#8222;Sigmundsquelle&#8220;.<br \/>Zu einem genussvollen Badetag l\u00e4dt unser hauseigener Seestrand, der 300m vom Hof entfernt ist, ein.<\/p>\n<p style=\"text-align: center;\">Erholung pur und beeindruckende Naturerlebnisse sind Ihnen garantiert, wenn Sie mit unserem Ruderboot den smaragdgr\u00fcnen Fuschlsee erkunden &#8211; Das leise Pl\u00e4tschern des Sees l\u00e4sst die Seele baumeln und aktiviert die Sinne.<\/p>\n<p style=\"text-align: center;\">Eine kulturelle Wasserwanderung bietet die Stadt Salzburg: Besichtigen Sie die historischen Brunnen in der Mozartstadt. Gerne stellen wir Ihnen Informationsmaterial zur Verf\u00fcgung.<\/p>\n<p style=\"text-align: center;\">Wussten Sie eigentlich,&#8230;<\/p>\n<p style=\"text-align: center;\">&#8230; dass der Fuschlsee 3945m lang, 780m breit und ungef\u00e4hr 67m tief ist und hervorragende Edelfische wie Seeforellen, Renken, Hechte, Saiblinge und Bachforellen beheimatet?<br \/>Bei der Schlossfischerei und den Gastbetrieben in Fuschl am See sind diese K\u00f6stlichkeiten erh\u00e4ltlich.<\/p>\n<p style=\"text-align: center;\">Entspannen Sie sich auf unseren gem\u00fctlichen Sitzgruppen vor dem Haus bei Wasserliteratur und dem Ausblick auf den Fuschlsee.<\/p>\n<p style=\"text-align: center;\">Unser Ruderboot steht f\u00fcr romantische Bootsfahrten am Fuschlsee zur Verf\u00fcgung<\/p>\n<p style=\"text-align: center;\">Geniessen Sie die Abendruhe bei Kerzenlicht in unserer Gartenlaube mit Blick auf den Fuschlsee.<\/p>","protected":false},"excerpt":{"rendered":"<p>Wasserwandern Erwandern Sie das Wasser rund um den Fuschlsee Der Fuschlsee ist einer der saubersten Seen \u00d6sterreichs und hat Trinkwasserqualit\u00e4t. Eine Woche Aktivurlaub rund um das Thema &#8222;Wasser&#8220;: Tauchen Sie ein in wundersch\u00f6ne Landschaften, Berge und Seen.Unser Hof ist idealer Ausgangspunkt, um den Fuschlsee in 3 Stunden zu erwandern.Geheimnisvoll und versteckt pr\u00e4sentieren sich der Filbling- [&hellip;]<\/p>\n","protected":false},"author":1,"featured_media":0,"parent":304,"menu_order":4,"comment_status":"closed","ping_status":"closed","template":"","meta":[],"_links":{"self":[{"href":"http:\/\/schoeffbaumgut.at\/index.php?rest_route=\/wp\/v2\/pages\/266"}],"collection":[{"href":"http:\/\/schoeffbaumgut.at\/index.php?rest_route=\/wp\/v2\/pages"}],"about":[{"href":"http:\/\/schoeffbaumgut.at\/index.php?rest_route=\/wp\/v2\/types\/page"}],"author":[{"embeddable":true,"href":"http:\/\/schoeffbaumgut.at\/index.php?rest_route=\/wp\/v2\/users\/1"}],"replies":[{"embeddable":true,"href":"http:\/\/schoeffbaumgut.at\/index.php?rest_route=%2Fwp%2Fv2%2Fcomments&post=266"}],"version-history":[{"count":1,"href":"http:\/\/schoeffbaumgut.at\/index.php?rest_route=\/wp\/v2\/pages\/266\/revisions"}],"predecessor-version":[{"id":267,"href":"http:\/\/schoeffbaumgut.at\/index.php?rest_route=\/wp\/v2\/pages\/266\/revisions\/267"}],"up":[{"embeddable":true,"href":"http:\/\/schoeffbaumgut.at\/index.php?rest_route=\/wp\/v2\/pages\/304"}],"wp:attachment":[{"href":"http:\/\/schoeffbaumgut.at\/index.php?rest_route=%2Fwp%2Fv2%2Fmedia&parent=266"}],"curies":[{"name":"wp","href":"https:\/\/api.w.org\/{rel}","templated":true}]}}