{"id":264,"date":"2022-04-02T16:51:41","date_gmt":"2022-04-02T16:51:41","guid":{"rendered":"http:\/\/schoeffbaumgut.at\/?page_id=264"},"modified":"2022-04-03T09:05:53","modified_gmt":"2022-04-03T09:05:53","slug":"vital-gesund","status":"publish","type":"page","link":"http:\/\/schoeffbaumgut.at\/?page_id=264","title":{"rendered":"Vital &#038; gesund"},"content":{"rendered":"\n<h2 class=\"has-text-align-center wp-block-heading\">Vital &amp; gesund<\/h2>\n\n\n<p style=\"text-align: center;\"><strong>Ausspannen &#8211; Aktiv sein &#8211; Wohlf\u00fchlen &#8211; Bewegung am See<\/strong><\/p>\n<p style=\"text-align: center;\"><strong>Wandern, Kneippen, Schwimmen, Ruder<\/strong><\/p>\n<p style=\"text-align: center;\">Sich Zeit nehmen, das Leben mit allen Sinnen genie\u00dfen, Bewegung in freier Natur erleben, sich gesund ern\u00e4hren, bewusst nach Entspannung und Harmonie suchen &#8211; so soll Urlaub sein!<br \/>Die Vermietung bei uns am Bauernhof hat schon lange Tradition.<br \/>Fr\u00fcher sagte man: &#8222;Wir fahren auf Sommerfrische&#8220;, was die Grundgedanken &#8222;Erholung&#8220; und &#8222;wieder FRISCH f\u00fcr den Alltag zu werden&#8220; in sich tr\u00e4gt.<br \/>Wir sind bem\u00fcht, Ihnen einen Urlaub zum Wohlf\u00fchlen zu bereiten.<\/p>\n<p style=\"text-align: center;\">Unsere einzigartige Lage \u00fcber Fuschl am See, umgeben von unseren Wiesen und W\u00e4ldern mit Ausblick auf den smaragdgr\u00fcnen Fuschlsee und die umliegenden Berge &#8211; bessere Voraussetzungen zum Wohlf\u00fchlen<br \/>gibt es wohl nicht&#8230;<br \/>Vom Hof weg f\u00fchrt der Wanderweg rund um den Fuschlsee, der auch eine ideale Laufrunde ist.<br \/>Eine Wellnessoase ist unser hauseigener Badestrand, wo auch ein Ruderboot f\u00fcr Sie bereitsteht.<br \/>Zum Sonnen gibt es Liegen, der Wald rundherum bietet auch schattige Pl\u00e4tzchen.<br \/>Unvergessliche Erlebnisse f\u00fcr die Kleinen: Staudammbauen beim kleinen Bacherl direkt am Badeplatz.<\/p>\n<p style=\"text-align: center;\">Falls die Sonne einmal nicht scheinen sollte, bieten wir unseren G\u00e4sten kostenlosen Eintritt in das Fuschlseebad (beheiztes Freibecken).<br \/>Die Parkkosten vor dem Bad \u00fcbernimmt das Sch\u00f6ffbaumgut.<br \/>Weitere Infos unter: <a href=\"https:\/\/www.fuschlseebad.at\/\">Fuschlseebad<\/a><\/p>\n<p style=\"text-align: center;\">Wenn Sie eine Radtour in unserer Umgebung planen, so stehen Ihnen Fahrr\u00e4der und Helme zur Verf\u00fcgung. Bei der Auswahl Ihrer Radtour helfen wir Ihnen gerne.<\/p>\n<p style=\"text-align: center;\">Frau Zuckerst\u00e4tter, Ihre Gastgeberin, ist Absolventin des Lehrganges zur Basisqualifizierung f\u00fcr Gesundheitsurlaub auf dem Bauernhof.<\/p>","protected":false},"excerpt":{"rendered":"<p>Vital &amp; gesund Ausspannen &#8211; Aktiv sein &#8211; Wohlf\u00fchlen &#8211; Bewegung am See Wandern, Kneippen, Schwimmen, Ruder Sich Zeit nehmen, das Leben mit allen Sinnen genie\u00dfen, Bewegung in freier Natur erleben, sich gesund ern\u00e4hren, bewusst nach Entspannung und Harmonie suchen &#8211; so soll Urlaub sein!Die Vermietung bei uns am Bauernhof hat schon lange Tradition.Fr\u00fcher sagte [&hellip;]<\/p>\n","protected":false},"author":1,"featured_media":0,"parent":304,"menu_order":3,"comment_status":"closed","ping_status":"closed","template":"","meta":[],"_links":{"self":[{"href":"http:\/\/schoeffbaumgut.at\/index.php?rest_route=\/wp\/v2\/pages\/264"}],"collection":[{"href":"http:\/\/schoeffbaumgut.at\/index.php?rest_route=\/wp\/v2\/pages"}],"about":[{"href":"http:\/\/schoeffbaumgut.at\/index.php?rest_route=\/wp\/v2\/types\/page"}],"author":[{"embeddable":true,"href":"http:\/\/schoeffbaumgut.at\/index.php?rest_route=\/wp\/v2\/users\/1"}],"replies":[{"embeddable":true,"href":"http:\/\/schoeffbaumgut.at\/index.php?rest_route=%2Fwp%2Fv2%2Fcomments&post=264"}],"version-history":[{"count":3,"href":"http:\/\/schoeffbaumgut.at\/index.php?rest_route=\/wp\/v2\/pages\/264\/revisions"}],"predecessor-version":[{"id":345,"href":"http:\/\/schoeffbaumgut.at\/index.php?rest_route=\/wp\/v2\/pages\/264\/revisions\/345"}],"up":[{"embeddable":true,"href":"http:\/\/schoeffbaumgut.at\/index.php?rest_route=\/wp\/v2\/pages\/304"}],"wp:attachment":[{"href":"http:\/\/schoeffbaumgut.at\/index.php?rest_route=%2Fwp%2Fv2%2Fmedia&parent=264"}],"curies":[{"name":"wp","href":"https:\/\/api.w.org\/{rel}","templated":true}]}}